{"id":464,"date":"2025-01-29T04:35:54","date_gmt":"2025-01-29T04:35:54","guid":{"rendered":"https:\/\/kolman.hr\/?page_id=464"},"modified":"2025-03-25T21:33:15","modified_gmt":"2025-03-25T21:33:15","slug":"prosireni-popis-klijenata","status":"publish","type":"page","link":"https:\/\/kolman.hr\/en\/prosireni-popis-klijenata\/","title":{"rendered":"Pro\u0161ireni popis klijenata"},"content":{"rendered":"<h2 class=\"wp-block-heading\">List of our clients<\/h2>\n\n\n\n<p>We are proud that through the years of our work and development, we have gained the trust of numerous clients around the world. Below is an expanded list of our successful collaborations with many companies, which is growing every day, to the pride of our company and the satisfaction of our clients.<\/p>\n\n\n\n<ul class=\"wp-block-list popis-klijenata\">\n<li>AB PACK (Czech Republic)<\/li>\n\n\n\n<li>Anamarija Company<\/li>\n\n\n\n<li>Apidal<\/li>\n\n\n\n<li>Arabesca doo<\/li>\n\n\n\n<li>Bio Go Healthy (Kosovo)<\/li>\n\n\n\n<li>Biofarm Ltd.<\/li>\n\n\n\n<li>Biola doo (Serbia)<\/li>\n\n\n\n<li>Biovitalis<\/li>\n\n\n\n<li>Bolfan Winery Ltd.<\/li>\n\n\n\n<li>Branck cafe (BiH)<\/li>\n\n\n\n<li>Cha Hunos (Portugal)<\/li>\n\n\n\n<li>Chevita (Germany)<\/li>\n\n\n\n<li>Domaine de Saint-Gilles (France)<\/li>\n\n\n\n<li>Escando (Estonia)<\/li>\n\n\n\n<li>Eurobio Lab (Estonia)<\/li>\n\n\n\n<li>Eurovip Brazil (BiH)<\/li>\n\n\n\n<li>Eta dd (Slovenia)<\/li>\n\n\n\n<li>Fructus (Serbia)<\/li>\n\n\n\n<li>Gamus (BiH)<\/li>\n\n\n\n<li>Goriimpex (Slovenia)<\/li>\n\n\n\n<li>Grand Prom ad (Serbia)<\/li>\n\n\n\n<li>Honig-Wernet (Germany)<\/li>\n\n\n\n<li>Incascaffe (Italy)<\/li>\n\n\n\n<li>Interpak (Kosovo)<\/li>\n\n\n\n<li>Ivasim doo<\/li>\n\n\n\n<li>Jadran Galenic Laboratory<\/li>\n\n\n\n<li>Ledo dd<\/li>\n\n\n\n<li>Lek cosmetics (Slovenia)<\/li>\n\n\n\n<li>Lipa Mill binders doo<\/li>\n\n\n\n<li>Luxor Ltd.<\/li>\n\n\n\n<li>Magdis doo<\/li>\n\n\n\n<li>Malcolm<\/li>\n\n\n\n<li>Maraska dd<\/li>\n\n\n\n<li>Maxivita (BiH)<\/li>\n\n\n\n<li>Meadowflor<\/li>\n\n\n\n<li>Milman doo<\/li>\n\n\n\n<li>Nectar Nu\u0161tar<\/li>\n\n\n\n<li>Olival doo<\/li>\n\n\n\n<li>Onyx (Kosovo)<\/li>\n\n\n\n<li>Pip Ltd.<\/li>\n\n\n\n<li>Farmer<\/li>\n\n\n\n<li>Prestige Ltd.<\/li>\n\n\n\n<li>Procaffe doo<\/li>\n\n\n\n<li>Remic Group (Austria)<\/li>\n\n\n\n<li>Rima Pak (BiH)<\/li>\n\n\n\n<li>Rujz Design (Slovenia)<\/li>\n\n\n\n<li>Sim-pak (BiH)<\/li>\n\n\n\n<li>Zion<\/li>\n\n\n\n<li>Skradin delicacies<\/li>\n\n\n\n<li>Confectionery Ho\u010devar (Slovenia)<\/li>\n\n\n\n<li>Smith<\/li>\n\n\n\n<li>Tuzla Saltworks (BiH)<\/li>\n\n\n\n<li>Spider Group Ltd.<\/li>\n\n\n\n<li>Systematic (Brazil)<\/li>\n\n\n\n<li>Swienty (Denmark)<\/li>\n\n\n\n<li>Safram doo<\/li>\n\n\n\n<li>Tehnotrade doo<\/li>\n\n\n\n<li>Teri Trade Ltd.<\/li>\n\n\n\n<li>Tilia print (Slovenia)<\/li>\n\n\n\n<li>Tina (Slovenia)<\/li>\n\n\n\n<li>Trosa (Sweden)<\/li>\n\n\n\n<li>Vinex doo (BiH)<\/li>\n\n\n\n<li>Vispak (BiH)<\/li>\n\n\n\n<li>Vm 2 doo<\/li>\n\n\n\n<li>Zanotti<\/li>\n<\/ul>\n\n\n\n<p>and a number of other clients\u2026<\/p>","protected":false},"excerpt":{"rendered":"<p>Lista na\u0161ih klijenata Ponosni smo \u0161to smo kroz godine na\u0161eg rada i usavr\u0161avanja stetkli povjerenje brojnih klijenata diljem svijeta. U nastavku je pro\u0161ireni popis na\u0161ih uspje\u0161nih suradnji s mnogim tvrtkama, a koji svakodnevno raste, na ponos na\u0161e tvrtke i zadovoljstvo klijenata. te niz drugih klijenata&#8230;<\/p>","protected":false},"author":1,"featured_media":0,"parent":0,"menu_order":0,"comment_status":"closed","ping_status":"closed","template":"","meta":{"_acf_changed":false,"footnotes":""},"class_list":["post-464","page","type-page","status-publish","hentry"],"acf":[],"_links":{"self":[{"href":"https:\/\/kolman.hr\/en\/wp-json\/wp\/v2\/pages\/464","targetHints":{"allow":["GET"]}}],"collection":[{"href":"https:\/\/kolman.hr\/en\/wp-json\/wp\/v2\/pages"}],"about":[{"href":"https:\/\/kolman.hr\/en\/wp-json\/wp\/v2\/types\/page"}],"author":[{"embeddable":true,"href":"https:\/\/kolman.hr\/en\/wp-json\/wp\/v2\/users\/1"}],"replies":[{"embeddable":true,"href":"https:\/\/kolman.hr\/en\/wp-json\/wp\/v2\/comments?post=464"}],"version-history":[{"count":13,"href":"https:\/\/kolman.hr\/en\/wp-json\/wp\/v2\/pages\/464\/revisions"}],"predecessor-version":[{"id":1044,"href":"https:\/\/kolman.hr\/en\/wp-json\/wp\/v2\/pages\/464\/revisions\/1044"}],"wp:attachment":[{"href":"https:\/\/kolman.hr\/en\/wp-json\/wp\/v2\/media?parent=464"}],"curies":[{"name":"wp","href":"https:\/\/api.w.org\/{rel}","templated":true}]}}