{"id":666,"date":"2025-02-01T18:46:27","date_gmt":"2025-02-01T18:46:27","guid":{"rendered":"https:\/\/kolman.hr\/?page_id=666"},"modified":"2025-03-13T11:04:15","modified_gmt":"2025-03-13T11:04:15","slug":"vertikalni-strojevi","status":"publish","type":"page","link":"https:\/\/kolman.hr\/en\/vertikalni-strojevi\/","title":{"rendered":"Vertical packaging machines"},"content":{"rendered":"<p>Kolman d.o.o. has developed a wide range of machines for various types of packaging and labeling of products in a wide range of applications. Among the first machines we developed were the Kolpak 1 and Kolpak 2 machines used for making bags. These are the key differences between them.<\/p>\n\n\n\n<div class=\"wp-block-columns is-layout-flex wp-container-core-columns-is-layout-28f84493 wp-block-columns-is-layout-flex\">\n<div class=\"wp-block-column is-vertically-aligned-center is-layout-flow wp-block-column-is-layout-flow\" style=\"flex-basis:80%\">\n<p><strong>Kolpak 1<\/strong> machines are specialized with 4-seal packaging, which allows for even sealing on all sides of the packaging. This design creates a symmetrical and tightly sealed bag.<\/p>\n<\/div>\n\n\n\n<div class=\"wp-block-column is-vertically-aligned-center is-layout-flow wp-block-column-is-layout-flow\" style=\"flex-basis:50%\">\n<figure class=\"wp-block-image size-full\"><img loading=\"lazy\" decoding=\"async\" width=\"800\" height=\"548\" src=\"https:\/\/kolman.hr\/wp-content\/uploads\/2025\/01\/kolpak-1-vrecica.webp\" alt=\"\" class=\"wp-image-643\" srcset=\"https:\/\/kolman.hr\/wp-content\/uploads\/2025\/01\/kolpak-1-vrecica.webp 800w, https:\/\/kolman.hr\/wp-content\/uploads\/2025\/01\/kolpak-1-vrecica-300x206.webp 300w, https:\/\/kolman.hr\/wp-content\/uploads\/2025\/01\/kolpak-1-vrecica-768x526.webp 768w, https:\/\/kolman.hr\/wp-content\/uploads\/2025\/01\/kolpak-1-vrecica-441x302.webp 441w\" sizes=\"auto, (max-width: 800px) 100vw, 800px\" \/><\/figure>\n<\/div>\n<\/div>\n\n\n\n<div style=\"height:100px\" aria-hidden=\"true\" class=\"wp-block-spacer\"><\/div>\n\n\n\n<div class=\"strojevi-container\">\r\n            <div class=\"stroj\" style=\"background-image: url('https:\/\/kolman.hr\/wp-content\/uploads\/2025\/01\/1-2.webp');\">\r\n                <a href=\"https:\/\/kolman.hr\/en\/stroj\/kolpak-1-lf-viselinijski\/\"><h2 class=\"stroj-title\">Kolpak 1 LF \u2013 multi-line<\/h2><\/a>\r\n\r\n                <div class=\"stroj-summary\">\r\n                    <p>The Kolpak 1 LF machine is a highly sophisticated system for automatic vertical packaging, designed to work with 2, 3 or 4 lines, enabling packaging up to 100 g\/ml with high precision and efficiency. <\/p>\r\n                <\/div>\r\n\r\n                <a href=\"https:\/\/kolman.hr\/en\/stroj\/kolpak-1-lf-viselinijski\/\" class=\"stroj-button\">More details<\/a>\r\n                \r\n                <a href=\"https:\/\/kolman.hr\/en\/stroj\/kolpak-1-lf-viselinijski\/\" class=\"full-gumb-overlay\"><\/a>\r\n            <\/div>\r\n\r\n            \r\n            <div class=\"stroj\" style=\"background-image: url('https:\/\/kolman.hr\/wp-content\/uploads\/2025\/01\/pakiranje_maslina-88-1.webp');\">\r\n                <a href=\"https:\/\/kolman.hr\/en\/stroj\/kolpak-1-lu-vece-gramaze-do-1000-g-ml\/\"><h2 class=\"stroj-title\">Kolpak 1 LU \u2013 larger weights up to 1000 g\/ml<\/h2><\/a>\r\n\r\n                <div class=\"stroj-summary\">\r\n                    <p>The Kolpak 1 LU machine is a highly sophisticated system for automatic vertical packaging of materials up to 1000 g\/ml with high precision and efficiency. <\/p>\r\n                <\/div>\r\n\r\n                <a href=\"https:\/\/kolman.hr\/en\/stroj\/kolpak-1-lu-vece-gramaze-do-1000-g-ml\/\" class=\"stroj-button\">More details<\/a>\r\n                \r\n                <a href=\"https:\/\/kolman.hr\/en\/stroj\/kolpak-1-lu-vece-gramaze-do-1000-g-ml\/\" class=\"full-gumb-overlay\"><\/a>\r\n            <\/div>\r\n\r\n            \r\n            <div class=\"stroj\" style=\"background-image: url('https:\/\/kolman.hr\/wp-content\/uploads\/2025\/01\/DSCN1246.jpg');\">\r\n                <a href=\"https:\/\/kolman.hr\/en\/stroj\/kolpak-1-l-jednolinijski-do-100-g-ml\/\"><h2 class=\"stroj-title\">Kolpak 1 L \u2013 single-line up to 100 g\/ml<\/h2><\/a>\r\n\r\n                <div class=\"stroj-summary\">\r\n                    <p>The Kolpak 1 L machine is a highly sophisticated single-line system for automatic vertical packaging up to 100 g\/ml with high precision and efficiency. <\/p>\r\n                <\/div>\r\n\r\n                <a href=\"https:\/\/kolman.hr\/en\/stroj\/kolpak-1-l-jednolinijski-do-100-g-ml\/\" class=\"stroj-button\">More details<\/a>\r\n                \r\n                <a href=\"https:\/\/kolman.hr\/en\/stroj\/kolpak-1-l-jednolinijski-do-100-g-ml\/\" class=\"full-gumb-overlay\"><\/a>\r\n            <\/div>\r\n\r\n            \r\n            <div class=\"stroj\" style=\"background-image: url('https:\/\/kolman.hr\/wp-content\/uploads\/2025\/01\/vertikalni_stroj_za_pakiranje_komadnog_medija-65-1.webp');\">\r\n                <a href=\"https:\/\/kolman.hr\/en\/stroj\/kolpak-1-lk-jednolinijsko-komadno-pakiranje\/\"><h2 class=\"stroj-title\">Kolpak 1 LK \u2013 single-line piece packaging<\/h2><\/a>\r\n\r\n                <div class=\"stroj-summary\">\r\n                    <p>The Kolpak 1 LK machine is a highly sophisticated single-line system for automatic vertical packaging of piece products with high precision and efficiency. <\/p>\r\n                <\/div>\r\n\r\n                <a href=\"https:\/\/kolman.hr\/en\/stroj\/kolpak-1-lk-jednolinijsko-komadno-pakiranje\/\" class=\"stroj-button\">More details<\/a>\r\n                \r\n                <a href=\"https:\/\/kolman.hr\/en\/stroj\/kolpak-1-lk-jednolinijsko-komadno-pakiranje\/\" class=\"full-gumb-overlay\"><\/a>\r\n            <\/div>\r\n\r\n            <\/div>\n\n\n\n<div style=\"height:100px\" aria-hidden=\"true\" class=\"wp-block-spacer\"><\/div>\n\n\n\n<div class=\"wp-block-columns is-layout-flex wp-container-core-columns-is-layout-28f84493 wp-block-columns-is-layout-flex\">\n<div class=\"wp-block-column is-vertically-aligned-center is-layout-flow wp-block-column-is-layout-flow\" style=\"flex-basis:50%\">\n<figure class=\"wp-block-image size-full\"><img loading=\"lazy\" decoding=\"async\" width=\"800\" height=\"356\" src=\"https:\/\/kolman.hr\/wp-content\/uploads\/2025\/01\/kolpak-2-vrecica.webp\" alt=\"\" class=\"wp-image-644\" srcset=\"https:\/\/kolman.hr\/wp-content\/uploads\/2025\/01\/kolpak-2-vrecica.webp 800w, https:\/\/kolman.hr\/wp-content\/uploads\/2025\/01\/kolpak-2-vrecica-300x134.webp 300w, https:\/\/kolman.hr\/wp-content\/uploads\/2025\/01\/kolpak-2-vrecica-768x342.webp 768w, https:\/\/kolman.hr\/wp-content\/uploads\/2025\/01\/kolpak-2-vrecica-441x196.webp 441w\" sizes=\"auto, (max-width: 800px) 100vw, 800px\" \/><\/figure>\n<\/div>\n\n\n\n<div class=\"wp-block-column is-vertically-aligned-center is-layout-flow wp-block-column-is-layout-flow\" style=\"flex-basis:80%\">\n<p><strong>Kolpak 2<\/strong> machines are specialized in 3-seal packaging, ideal for products that require a seal on the bottom, top and one side of the package. The other side remains folded or folded without a seal.<\/p>\n<\/div>\n<\/div>\n\n\n\n<div style=\"height:100px\" aria-hidden=\"true\" class=\"wp-block-spacer\"><\/div>\n\n\n\n<div class=\"strojevi-container\">\r\n            <div class=\"stroj\" style=\"background-image: url('https:\/\/kolman.hr\/wp-content\/uploads\/2025\/01\/DSC08807.webp');\">\r\n                <a href=\"https:\/\/kolman.hr\/en\/stroj\/kolpak-2-l-jednolinijski-do-100-g-ml\/\"><h2 class=\"stroj-title\">Kolpak 2 L - single-line up to 100 g\/ml<\/h2><\/a>\r\n\r\n                <div class=\"stroj-summary\">\r\n                    <p>The Kolpak 2 L machine is a highly sophisticated single-line system for automatic vertical packaging of materials up to 100 g\/ml with high precision and efficiency. <\/p>\r\n                <\/div>\r\n\r\n                <a href=\"https:\/\/kolman.hr\/en\/stroj\/kolpak-2-l-jednolinijski-do-100-g-ml\/\" class=\"stroj-button\">More details<\/a>\r\n                \r\n                <a href=\"https:\/\/kolman.hr\/en\/stroj\/kolpak-2-l-jednolinijski-do-100-g-ml\/\" class=\"full-gumb-overlay\"><\/a>\r\n            <\/div>\r\n\r\n            \r\n            <div class=\"stroj\" style=\"background-image: url('https:\/\/kolman.hr\/wp-content\/uploads\/2025\/01\/stroj_za_automatsko_vertikalno_pakiranje_sa_3_4_5_linija-31.webp');\">\r\n                <a href=\"https:\/\/kolman.hr\/en\/stroj\/kolpak-2-lf-viselinijski\/\"><h2 class=\"stroj-title\">Kolpak 2 LF \u2013 multi-line<\/h2><\/a>\r\n\r\n                <div class=\"stroj-summary\">\r\n                    <p>The Kolpak 2 LF machine is a highly sophisticated multi-line automatic vertical system, designed to work with 2, 3 or 4 lines, enabling packaging up to 100 g\/ml with high precision and efficiency. <\/p>\r\n                <\/div>\r\n\r\n                <a href=\"https:\/\/kolman.hr\/en\/stroj\/kolpak-2-lf-viselinijski\/\" class=\"stroj-button\">More details<\/a>\r\n                \r\n                <a href=\"https:\/\/kolman.hr\/en\/stroj\/kolpak-2-lf-viselinijski\/\" class=\"full-gumb-overlay\"><\/a>\r\n            <\/div>\r\n\r\n            \r\n            <div class=\"stroj\" style=\"background-image: url('https:\/\/kolman.hr\/wp-content\/uploads\/2025\/01\/DSCN7811.webp');\">\r\n                <a href=\"https:\/\/kolman.hr\/en\/stroj\/kolpak-2-lu-vece-gramaze-do-1000-g-ml\/\"><h2 class=\"stroj-title\">Kolpak 2 LU \u2013 larger weights up to 1000 g\/ml<\/h2><\/a>\r\n\r\n                <div class=\"stroj-summary\">\r\n                    <p>The Kolpak 2 LU machine is a highly sophisticated system for automatic vertical packaging up to 1000 g\/ml with high precision and efficiency. <\/p>\r\n                <\/div>\r\n\r\n                <a href=\"https:\/\/kolman.hr\/en\/stroj\/kolpak-2-lu-vece-gramaze-do-1000-g-ml\/\" class=\"stroj-button\">More details<\/a>\r\n                \r\n                <a href=\"https:\/\/kolman.hr\/en\/stroj\/kolpak-2-lu-vece-gramaze-do-1000-g-ml\/\" class=\"full-gumb-overlay\"><\/a>\r\n            <\/div>\r\n\r\n            \r\n            <div class=\"stroj\" style=\"background-image: url('https:\/\/kolman.hr\/wp-content\/uploads\/2025\/01\/DSC04692.webp');\">\r\n                <a href=\"https:\/\/kolman.hr\/en\/stroj\/kolpak-2-lk-jednolinijsko-komadno-pakiranje\/\"><h2 class=\"stroj-title\">Kolpak 2 LK \u2013 single-line piece packaging<\/h2><\/a>\r\n\r\n                <div class=\"stroj-summary\">\r\n                    <p>The Kolpak 2 LK machine is a highly sophisticated single-line system for automatic vertical packaging of piece products with high precision and efficiency. <\/p>\r\n                <\/div>\r\n\r\n                <a href=\"https:\/\/kolman.hr\/en\/stroj\/kolpak-2-lk-jednolinijsko-komadno-pakiranje\/\" class=\"stroj-button\">More details<\/a>\r\n                \r\n                <a href=\"https:\/\/kolman.hr\/en\/stroj\/kolpak-2-lk-jednolinijsko-komadno-pakiranje\/\" class=\"full-gumb-overlay\"><\/a>\r\n            <\/div>\r\n\r\n            \r\n            <div class=\"stroj\" style=\"background-image: url('https:\/\/kolman.hr\/wp-content\/uploads\/2025\/01\/DSC04689.webp');\">\r\n                <a href=\"https:\/\/kolman.hr\/en\/stroj\/kolpak-2-lp-jednolinijski-za-piramidalnu-vrecicu-caja\/\"><h2 class=\"stroj-title\">Kolpak 2 LP \u2013 single-line for pyramidal tea bags<\/h2><\/a>\r\n\r\n                <div class=\"stroj-summary\">\r\n                    <p>Kolpak 2 LP is a highly sophisticated system that enables automatic vertical packaging of tea into stick or pyramid-shaped bags with high precision and efficiency.  <\/p>\r\n                <\/div>\r\n\r\n                <a href=\"https:\/\/kolman.hr\/en\/stroj\/kolpak-2-lp-jednolinijski-za-piramidalnu-vrecicu-caja\/\" class=\"stroj-button\">More details<\/a>\r\n                \r\n                <a href=\"https:\/\/kolman.hr\/en\/stroj\/kolpak-2-lp-jednolinijski-za-piramidalnu-vrecicu-caja\/\" class=\"full-gumb-overlay\"><\/a>\r\n            <\/div>\r\n\r\n            <\/div>","protected":false},"excerpt":{"rendered":"<p>Tvrtka Kolman d.o.o. razvila je \u0161iroku paletu strojeva za razne vrste pakiranja i etiketiranja proizvoda u \u0161irokom spektru primjena. Me\u0111u prvim strojevima koje smo razvili bili su strojevi Kolpak 1 i Kolpak 2 koji se koriste za izradu vre\u0107ica. Ovo su klju\u010dne razlike me\u0111u njima. Kolpak 1 strojevi su specijalizirani s 4-seal pakiranjem (4 vara), [&hellip;]<\/p>","protected":false},"author":1,"featured_media":984,"parent":0,"menu_order":0,"comment_status":"closed","ping_status":"closed","template":"","meta":{"_acf_changed":false,"footnotes":""},"class_list":["post-666","page","type-page","status-publish","has-post-thumbnail","hentry"],"acf":[],"_links":{"self":[{"href":"https:\/\/kolman.hr\/en\/wp-json\/wp\/v2\/pages\/666","targetHints":{"allow":["GET"]}}],"collection":[{"href":"https:\/\/kolman.hr\/en\/wp-json\/wp\/v2\/pages"}],"about":[{"href":"https:\/\/kolman.hr\/en\/wp-json\/wp\/v2\/types\/page"}],"author":[{"embeddable":true,"href":"https:\/\/kolman.hr\/en\/wp-json\/wp\/v2\/users\/1"}],"replies":[{"embeddable":true,"href":"https:\/\/kolman.hr\/en\/wp-json\/wp\/v2\/comments?post=666"}],"version-history":[{"count":13,"href":"https:\/\/kolman.hr\/en\/wp-json\/wp\/v2\/pages\/666\/revisions"}],"predecessor-version":[{"id":1009,"href":"https:\/\/kolman.hr\/en\/wp-json\/wp\/v2\/pages\/666\/revisions\/1009"}],"wp:featuredmedia":[{"embeddable":true,"href":"https:\/\/kolman.hr\/en\/wp-json\/wp\/v2\/media\/984"}],"wp:attachment":[{"href":"https:\/\/kolman.hr\/en\/wp-json\/wp\/v2\/media?parent=666"}],"curies":[{"name":"wp","href":"https:\/\/api.w.org\/{rel}","templated":true}]}}